{"id":2419,"date":"2024-12-06T01:00:50","date_gmt":"2024-12-06T01:00:50","guid":{"rendered":"https:\/\/www.derlea.ca\/?page_id=2419"},"modified":"2024-12-06T20:52:31","modified_gmt":"2024-12-06T20:52:31","slug":"details-de-la-recette-saute-de-boeuf-au-gingembre","status":"publish","type":"page","link":"https:\/\/www.derlea.ca\/fr\/details-de-la-recette-saute-de-boeuf-au-gingembre\/","title":{"rendered":"D\u00e9tails de la recette (Saut\u00e9 de b\u0153uf au gingembre)"},"content":{"rendered":"\t\t<div data-elementor-type=\"wp-page\" data-elementor-id=\"2419\" class=\"elementor elementor-2419 elementor-2308\" data-elementor-post-type=\"page\">\n\t\t\t\t<div class=\"elementor-element elementor-element-21a1538b e-con-full e-flex e-con e-parent\" data-id=\"21a1538b\" data-element_type=\"container\">\n\t\t\t\t<div class=\"elementor-element elementor-element-1ed0f946 elementor-widget elementor-widget-image\" data-id=\"1ed0f946\" data-element_type=\"widget\" data-widget_type=\"image.default\">\n\t\t\t\t<div class=\"elementor-widget-container\">\n\t\t\t\t\t\t\t\t\t\t\t\t\t<img fetchpriority=\"high\" decoding=\"async\" width=\"1024\" height=\"1024\" src=\"https:\/\/www.derlea.ca\/app\/uploads\/2024\/12\/Ginger-Beef-StirFry-Processed-1024x1024.jpg\" class=\"attachment-large size-large wp-image-2345\" alt=\"Beef Ginger Stir Fry\" srcset=\"https:\/\/www.derlea.ca\/app\/uploads\/2024\/12\/Ginger-Beef-StirFry-Processed-1024x1024.jpg 1024w, https:\/\/www.derlea.ca\/app\/uploads\/2024\/12\/Ginger-Beef-StirFry-Processed-300x300.jpg 300w, https:\/\/www.derlea.ca\/app\/uploads\/2024\/12\/Ginger-Beef-StirFry-Processed-150x150.jpg 150w, https:\/\/www.derlea.ca\/app\/uploads\/2024\/12\/Ginger-Beef-StirFry-Processed-768x768.jpg 768w, https:\/\/www.derlea.ca\/app\/uploads\/2024\/12\/Ginger-Beef-StirFry-Processed-1536x1536.jpg 1536w, https:\/\/www.derlea.ca\/app\/uploads\/2024\/12\/Ginger-Beef-StirFry-Processed-600x600.jpg 600w, https:\/\/www.derlea.ca\/app\/uploads\/2024\/12\/Ginger-Beef-StirFry-Processed-100x100.jpg 100w, https:\/\/www.derlea.ca\/app\/uploads\/2024\/12\/Ginger-Beef-StirFry-Processed.jpg 1920w\" sizes=\"(max-width: 1024px) 100vw, 1024px\" \/>\t\t\t\t\t\t\t\t\t\t\t\t\t<\/div>\n\t\t\t\t<\/div>\n\t\t<div class=\"elementor-element elementor-element-33535867 e-flex e-con-boxed e-con e-child\" data-id=\"33535867\" data-element_type=\"container\">\n\t\t\t\t\t<div class=\"e-con-inner\">\n\t\t\t\t<div class=\"elementor-element elementor-element-1023afc0 elementor-widget elementor-widget-heading\" data-id=\"1023afc0\" data-element_type=\"widget\" data-widget_type=\"heading.default\">\n\t\t\t\t<div class=\"elementor-widget-container\">\n\t\t\t<h2 class=\"elementor-heading-title elementor-size-default\">Saut\u00e9 de b\u0153uf au gingembre<\/h2>\t\t<\/div>\n\t\t\t\t<\/div>\n\t\t\t\t<div class=\"elementor-element elementor-element-41f92642 elementor-widget elementor-widget-text-editor\" data-id=\"41f92642\" data-element_type=\"widget\" data-widget_type=\"text-editor.default\">\n\t\t\t\t<div class=\"elementor-widget-container\">\n\t\t\t\t\t\t\t<p>Savourez les saveurs audacieuses et app\u00e9tissantes de notre <strong>Saut\u00e9 de b\u0153uf au gingembre<\/strong>, un plat con\u00e7u pour exciter votre palais et donner vie au d\u00eener. Les tendres lani\u00e8res de steak de surlonge sont saisies \u00e0 la perfection, infus\u00e9es avec le trio all\u00e9chant d&#8217;<b>ail<\/b>, de <b>gingembre<\/b> et de <b>piment<\/b> des <strong>m\u00e9langes hach\u00e9s Derlea.<\/strong> Une sauce velout\u00e9e, \u00e9labor\u00e9e \u00e0 partir de bouillon de b\u0153uf, de sauce soja et d&#8217;une pointe d&#8217;amidon de ma\u00efs, enveloppe chaque bouch\u00e9e, offrant un \u00e9quilibre parfait entre richesse savoureuse et chaleur douce. Les fleurons de brocoli croquants et les pois mange-tout apportent un croquant satisfaisant et des couleurs \u00e9clatantes, rendant ce saut\u00e9 aussi beau que d\u00e9licieux.<\/p>\n<p>Accompagn\u00e9 d&#8217;un riz blanc moelleux, ce plat rapide et facile \u00e0 pr\u00e9parer est une c\u00e9l\u00e9bration de la texture et de la saveur qui donnera aux d\u00eeners de semaine l&#8217;allure d&#8217;une occasion sp\u00e9ciale. Que vous cuisiniez pour vous-m\u00eame ou pour impressionner vos proches, l&#8217;ar\u00f4me irr\u00e9sistible et le go\u00fbt copieux de ce saut\u00e9 feront que tout le monde en redemandera. Laissez les saveurs de b\u0153uf, de gingembre et d&#8217;\u00e9pices vous emporter \u00e0 chaque bouch\u00e9e !  <\/p>\n\t\t\t\t\t\t<\/div>\n\t\t\t\t<\/div>\n\t\t\t\t\t<\/div>\n\t\t\t\t<\/div>\n\t\t\t\t<\/div>\n\t\t<div class=\"elementor-element elementor-element-4f54202 e-flex e-con-boxed e-con e-parent\" data-id=\"4f54202\" data-element_type=\"container\">\n\t\t\t\t\t<div class=\"e-con-inner\">\n\t\t\t\t<div class=\"elementor-element elementor-element-317c9191 elementor-widget elementor-widget-heading\" data-id=\"317c9191\" data-element_type=\"widget\" data-widget_type=\"heading.default\">\n\t\t\t\t<div class=\"elementor-widget-container\">\n\t\t\t<h2 class=\"elementor-heading-title elementor-size-default\">ingr\u00e9dients<\/h2>\t\t<\/div>\n\t\t\t\t<\/div>\n\t\t\t\t<div class=\"elementor-element elementor-element-5db2600 elementor-widget elementor-widget-text-editor\" data-id=\"5db2600\" data-element_type=\"widget\" id=\"ingredients\" data-widget_type=\"text-editor.default\">\n\t\t\t\t<div class=\"elementor-widget-container\">\n\t\t\t\t\t\t\t<ul>\n<li><b>1 c. \u00e0 soupe d\u2019huile (huile d\u2019olive, huile de s\u00e9same ou huile de cuisson pr\u00e9f\u00e9r\u00e9e)<\/b><\/li>\n<li><b>2 c. \u00e0 soupe d\u2019ail hach\u00e9, de gingembre et de piment Derlea<\/b><\/li>\n<li><b>2 c. \u00e0 soupe de f\u00e9cule de ma\u00efs<\/b><\/li>\n<li><b>1 3\/4 tasse de bouillon de b\u0153uf<\/b><\/li>\n<li><b>2 c. \u00e0 soupe de sauce soya<\/b><\/li>\n<li><b>2 steaks de b\u0153uf, coup\u00e9s en fines lamelles (1 cm sur 5 cm d&#8217;\u00e9paisseur)<\/b><\/li>\n<li><b>1 tasse de fleurons de brocoli<\/b><\/li>\n<li><b>1 tasse de pois mange-tout<\/b><\/li>\n<li><b>1 \u00bd tasse de riz blanc<\/b><\/li>\n<\/ul>\n\t\t\t\t\t\t<\/div>\n\t\t\t\t<\/div>\n\t\t\t\t<div class=\"elementor-element elementor-element-181caffe elementor-widget elementor-widget-heading\" data-id=\"181caffe\" data-element_type=\"widget\" data-widget_type=\"heading.default\">\n\t\t\t\t<div class=\"elementor-widget-container\">\n\t\t\t<h2 class=\"elementor-heading-title elementor-size-default\">Directions<\/h2>\t\t<\/div>\n\t\t\t\t<\/div>\n\t\t\t\t<div class=\"elementor-element elementor-element-2f0a355a elementor-widget elementor-widget-text-editor\" data-id=\"2f0a355a\" data-element_type=\"widget\" data-widget_type=\"text-editor.default\">\n\t\t\t\t<div class=\"elementor-widget-container\">\n\t\t\t\t\t\t\t<ol>\n<li><strong>Faire chauffer l&#8217;huile dans une grande po\u00eale \u00e0 feu moyen-vif. Ajouter les tranches de b\u0153uf et faire cuire pendant 5 minutes ou jusqu&#8217;\u00e0 ce qu&#8217;elles soient dor\u00e9es. Retirer de la po\u00eale et r\u00e9server.<\/strong><\/li>\n<li><strong>Pendant ce temps, faire cuire le riz selon les instructions de l&#8217;emballage.<\/strong><\/li>\n<li><strong>Dans la m\u00eame po\u00eale, porter \u00e0 feu moyen-doux et ajouter le brocoli, les pois mange-tout, l&#8217;ail \u00e9minc\u00e9, le gingembre et le chili. Faire cuire les l\u00e9gumes pendant 5 \u00e0 8 minutes, en remuant souvent.<\/strong><\/li>\n<li><strong>Dans un bol, m\u00e9langer le bouillon, la f\u00e9cule de ma\u00efs et la sauce soja jusqu&#8217;\u00e0 obtention d&#8217;un m\u00e9lange homog\u00e8ne. Ajouter le m\u00e9lange dans la po\u00eale et cuire, en remuant, jusqu&#8217;\u00e0 ce qu&#8217;il \u00e9paississe.<\/strong><\/li>\n<li><strong>Remettre le b\u0153uf dans la po\u00eale et faire cuire pendant 5 minutes.<\/strong><\/li>\n<li><strong>Servir le b\u0153uf et les l\u00e9gumes sur le riz cuit.<\/strong><\/li>\n<\/ol>\n\t\t\t\t\t\t<\/div>\n\t\t\t\t<\/div>\n\t\t\t\t\t<\/div>\n\t\t\t\t<\/div>\n\t\t\t\t<\/div>\n\t\t","protected":false},"excerpt":{"rendered":"<p>Saut\u00e9 de b\u0153uf au gingembre Savourez les saveurs audacieuses et app\u00e9tissantes de notre Saut\u00e9 de b\u0153uf au gingembre, un plat con\u00e7u pour exciter votre palais et donner vie au d\u00eener. Les tendres lani\u00e8res de steak de surlonge sont saisies \u00e0 la perfection, infus\u00e9es avec le trio all\u00e9chant d&#8217;ail, de gingembre et de piment des m\u00e9langes [&hellip;]<\/p>\n","protected":false},"author":1,"featured_media":0,"parent":0,"menu_order":0,"comment_status":"closed","ping_status":"closed","template":"","meta":{"_acf_changed":false,"footnotes":""},"acf":[],"_links":{"self":[{"href":"https:\/\/www.derlea.ca\/fr\/wp-json\/wp\/v2\/pages\/2419"}],"collection":[{"href":"https:\/\/www.derlea.ca\/fr\/wp-json\/wp\/v2\/pages"}],"about":[{"href":"https:\/\/www.derlea.ca\/fr\/wp-json\/wp\/v2\/types\/page"}],"author":[{"embeddable":true,"href":"https:\/\/www.derlea.ca\/fr\/wp-json\/wp\/v2\/users\/1"}],"replies":[{"embeddable":true,"href":"https:\/\/www.derlea.ca\/fr\/wp-json\/wp\/v2\/comments?post=2419"}],"version-history":[{"count":8,"href":"https:\/\/www.derlea.ca\/fr\/wp-json\/wp\/v2\/pages\/2419\/revisions"}],"predecessor-version":[{"id":2699,"href":"https:\/\/www.derlea.ca\/fr\/wp-json\/wp\/v2\/pages\/2419\/revisions\/2699"}],"wp:attachment":[{"href":"https:\/\/www.derlea.ca\/fr\/wp-json\/wp\/v2\/media?parent=2419"}],"curies":[{"name":"wp","href":"https:\/\/api.w.org\/{rel}","templated":true}]}}