{"id":2410,"date":"2024-12-06T00:55:04","date_gmt":"2024-12-06T00:55:04","guid":{"rendered":"https:\/\/www.derlea.ca\/?page_id=2410"},"modified":"2024-12-06T20:52:16","modified_gmt":"2024-12-06T20:52:16","slug":"details-de-la-recette-risotto-aux-champignons-a-lail","status":"publish","type":"page","link":"https:\/\/www.derlea.ca\/fr\/details-de-la-recette-risotto-aux-champignons-a-lail\/","title":{"rendered":"D\u00e9tails de la recette (Risotto aux champignons \u00e0 l&#8217;ail)"},"content":{"rendered":"\t\t<div data-elementor-type=\"wp-page\" data-elementor-id=\"2410\" class=\"elementor elementor-2410 elementor-2288\" data-elementor-post-type=\"page\">\n\t\t\t\t<div class=\"elementor-element elementor-element-2d64d91 e-con-full e-flex e-con e-parent\" data-id=\"2d64d91\" data-element_type=\"container\">\n\t\t\t\t<div class=\"elementor-element elementor-element-c560a44 elementor-widget elementor-widget-image\" data-id=\"c560a44\" data-element_type=\"widget\" data-widget_type=\"image.default\">\n\t\t\t\t<div class=\"elementor-widget-container\">\n\t\t\t\t\t\t\t\t\t\t\t\t\t<img fetchpriority=\"high\" decoding=\"async\" width=\"1024\" height=\"1024\" src=\"https:\/\/www.derlea.ca\/app\/uploads\/2024\/12\/Garlic-Mushroom-Risotto-Processed-1-1024x1024.jpg\" class=\"attachment-large size-large wp-image-2369\" alt=\"Garlic Mushroom Risotto\" srcset=\"https:\/\/www.derlea.ca\/app\/uploads\/2024\/12\/Garlic-Mushroom-Risotto-Processed-1-1024x1024.jpg 1024w, https:\/\/www.derlea.ca\/app\/uploads\/2024\/12\/Garlic-Mushroom-Risotto-Processed-1-300x300.jpg 300w, https:\/\/www.derlea.ca\/app\/uploads\/2024\/12\/Garlic-Mushroom-Risotto-Processed-1-150x150.jpg 150w, https:\/\/www.derlea.ca\/app\/uploads\/2024\/12\/Garlic-Mushroom-Risotto-Processed-1-768x768.jpg 768w, https:\/\/www.derlea.ca\/app\/uploads\/2024\/12\/Garlic-Mushroom-Risotto-Processed-1-1536x1536.jpg 1536w, https:\/\/www.derlea.ca\/app\/uploads\/2024\/12\/Garlic-Mushroom-Risotto-Processed-1-600x600.jpg 600w, https:\/\/www.derlea.ca\/app\/uploads\/2024\/12\/Garlic-Mushroom-Risotto-Processed-1-100x100.jpg 100w, https:\/\/www.derlea.ca\/app\/uploads\/2024\/12\/Garlic-Mushroom-Risotto-Processed-1.jpg 1920w\" sizes=\"(max-width: 1024px) 100vw, 1024px\" \/>\t\t\t\t\t\t\t\t\t\t\t\t\t<\/div>\n\t\t\t\t<\/div>\n\t\t<div class=\"elementor-element elementor-element-a168c21 e-flex e-con-boxed e-con e-child\" data-id=\"a168c21\" data-element_type=\"container\">\n\t\t\t\t\t<div class=\"e-con-inner\">\n\t\t\t\t<div class=\"elementor-element elementor-element-57ab2a1 elementor-widget elementor-widget-heading\" data-id=\"57ab2a1\" data-element_type=\"widget\" data-widget_type=\"heading.default\">\n\t\t\t\t<div class=\"elementor-widget-container\">\n\t\t\t<h2 class=\"elementor-heading-title elementor-size-default\">RISOTTO AUX CHAMPIGNONS \u00c0 L'AIL<\/h2>\t\t<\/div>\n\t\t\t\t<\/div>\n\t\t\t\t<div class=\"elementor-element elementor-element-af3f5eb elementor-widget elementor-widget-text-editor\" data-id=\"af3f5eb\" data-element_type=\"widget\" data-widget_type=\"text-editor.default\">\n\t\t\t\t<div class=\"elementor-widget-container\">\n\t\t\t\t\t\t\t<p>Ce risotto aux champignons est une c\u00e9l\u00e9bration luxueuse des saveurs de la terre et de l&#8217;indulgence cr\u00e9meuse. Chaque bouch\u00e9e offre un \u00e9quilibre parfait entre le tendre riz Arborio, amoureusement mijot\u00e9 dans un bouillon chaud et savoureux, et la richesse profonde de l&#8217;umami des champignons dor\u00e9s et saut\u00e9s.<\/p>\n<p>La base aromatique de l&#8217;<strong>ail hach\u00e9 Derlea<\/strong> ajoute une profondeur savoureuse, tandis qu&#8217;une touche de <strong>p\u00e2te \u00e0 tartiner \u00e0 l&#8217;ail Derlea<\/strong> rehausse le plat de sa richesse velout\u00e9e. Le parmesan fra\u00eechement r\u00e2p\u00e9 se fond parfaitement dans le risotto, lui conf\u00e9rant une saveur de noisette et de beurre qui persiste en bouche. Une pinc\u00e9e de persil apporte une note fra\u00eeche et herbac\u00e9e, tandis qu&#8217;une touche finale de poivre noir ou d&#8217;huile de truffe transforme ce classique r\u00e9confortant en un chef-d&#8217;\u0153uvre digne d&#8217;un restaurant.<\/p>\n<p>Parfait comme plat principal ou comme accompagnement \u00e9l\u00e9gant, ce risotto aux champignons est un d\u00e9lice intemporel qui satisfait l&#8217;\u00e2me autant que l&#8217;app\u00e9tit.<\/p>\n\t\t\t\t\t\t<\/div>\n\t\t\t\t<\/div>\n\t\t\t\t\t<\/div>\n\t\t\t\t<\/div>\n\t\t\t\t<\/div>\n\t\t<div class=\"elementor-element elementor-element-c9d3ce1 e-flex e-con-boxed e-con e-parent\" data-id=\"c9d3ce1\" data-element_type=\"container\">\n\t\t\t\t\t<div class=\"e-con-inner\">\n\t\t\t\t<div class=\"elementor-element elementor-element-b802067 elementor-widget elementor-widget-heading\" data-id=\"b802067\" data-element_type=\"widget\" data-widget_type=\"heading.default\">\n\t\t\t\t<div class=\"elementor-widget-container\">\n\t\t\t<h2 class=\"elementor-heading-title elementor-size-default\">ingr\u00e9dients<\/h2>\t\t<\/div>\n\t\t\t\t<\/div>\n\t\t\t\t<div class=\"elementor-element elementor-element-7820461 elementor-widget elementor-widget-text-editor\" data-id=\"7820461\" data-element_type=\"widget\" id=\"ingredients\" data-widget_type=\"text-editor.default\">\n\t\t\t\t<div class=\"elementor-widget-container\">\n\t\t\t\t\t\t\t<ul>\n<li><strong>1 cuill\u00e8re \u00e0 caf\u00e9 d&#8217;ail hach\u00e9 Derlea<\/strong><\/li>\n<li><strong>2 cuill\u00e8res \u00e0 soupe de p\u00e2te \u00e0 tartiner \u00e0 l&#8217;ail Derlea<\/strong><\/li>\n<li><strong>6 tasses de bouillon de l\u00e9gumes ou de poulet<\/strong><\/li>\n<li><strong>3 tasses de champignons coup\u00e9s en fines tranches<\/strong><\/li>\n<li><strong>1 \u00bd tasse de riz arborio<\/strong><\/li>\n<li><strong>\u2153 tasse de parmesan fra\u00eechement r\u00e2p\u00e9<\/strong><\/li>\n<li><strong>Sel et poivre \u00e0 volont\u00e9<\/strong><\/li>\n<li><strong>Persil pour garnir<\/strong><\/li>\n<\/ul>\n\t\t\t\t\t\t<\/div>\n\t\t\t\t<\/div>\n\t\t\t\t<div class=\"elementor-element elementor-element-553d901 elementor-widget elementor-widget-heading\" data-id=\"553d901\" data-element_type=\"widget\" data-widget_type=\"heading.default\">\n\t\t\t\t<div class=\"elementor-widget-container\">\n\t\t\t<h2 class=\"elementor-heading-title elementor-size-default\">Directions<\/h2>\t\t<\/div>\n\t\t\t\t<\/div>\n\t\t\t\t<div class=\"elementor-element elementor-element-25591ee elementor-widget elementor-widget-text-editor\" data-id=\"25591ee\" data-element_type=\"widget\" data-widget_type=\"text-editor.default\">\n\t\t\t\t<div class=\"elementor-widget-container\">\n\t\t\t\t\t\t\t<ol>\n<li><b>Dans une grande po\u00eale, ajouter l&#8217;huile, l&#8217;ail hach\u00e9 Derlea et les champignons. Faire sauter pendant 5 minutes ou jusqu&#8217;\u00e0 ce qu&#8217;ils soient dor\u00e9s, puis mettre de c\u00f4t\u00e9.<\/b><\/li>\n<li><b>Dans une casserole de taille moyenne, m\u00e9langer le riz et 1 tasse de bouillon chauff\u00e9, en remuant continuellement. Une fois que le liquide a \u00e9t\u00e9 absorb\u00e9 par le riz, r\u00e9duisez le feu \u00e0 moyen-doux et continuez \u00e0 ajouter progressivement le reste du bouillon. Il faut environ 30 \u00e0 35 minutes pour que le riz cuise et absorbe le bouillon.<\/b><\/li>\n<li><b>Ajoutez les champignons, la p\u00e2te \u00e0 tartiner \u00e0 l&#8217;ail Derlea et le parmesan dans la po\u00eale et m\u00e9langez avec le riz.<\/b><\/li>\n<li><b>Garnissez de persil et d\u00e9gustez !<\/b><\/li>\n<\/ol>\n\t\t\t\t\t\t<\/div>\n\t\t\t\t<\/div>\n\t\t\t\t\t<\/div>\n\t\t\t\t<\/div>\n\t\t\t\t<\/div>\n\t\t","protected":false},"excerpt":{"rendered":"<p>RISOTTO AUX CHAMPIGNONS \u00c0 L&#8217;AIL Ce risotto aux champignons est une c\u00e9l\u00e9bration luxueuse des saveurs de la terre et de l&#8217;indulgence cr\u00e9meuse. Chaque bouch\u00e9e offre un \u00e9quilibre parfait entre le tendre riz Arborio, amoureusement mijot\u00e9 dans un bouillon chaud et savoureux, et la richesse profonde de l&#8217;umami des champignons dor\u00e9s et saut\u00e9s. La base aromatique [&hellip;]<\/p>\n","protected":false},"author":1,"featured_media":0,"parent":0,"menu_order":0,"comment_status":"closed","ping_status":"closed","template":"","meta":{"_acf_changed":false,"footnotes":""},"acf":[],"_links":{"self":[{"href":"https:\/\/www.derlea.ca\/fr\/wp-json\/wp\/v2\/pages\/2410"}],"collection":[{"href":"https:\/\/www.derlea.ca\/fr\/wp-json\/wp\/v2\/pages"}],"about":[{"href":"https:\/\/www.derlea.ca\/fr\/wp-json\/wp\/v2\/types\/page"}],"author":[{"embeddable":true,"href":"https:\/\/www.derlea.ca\/fr\/wp-json\/wp\/v2\/users\/1"}],"replies":[{"embeddable":true,"href":"https:\/\/www.derlea.ca\/fr\/wp-json\/wp\/v2\/comments?post=2410"}],"version-history":[{"count":10,"href":"https:\/\/www.derlea.ca\/fr\/wp-json\/wp\/v2\/pages\/2410\/revisions"}],"predecessor-version":[{"id":2698,"href":"https:\/\/www.derlea.ca\/fr\/wp-json\/wp\/v2\/pages\/2410\/revisions\/2698"}],"wp:attachment":[{"href":"https:\/\/www.derlea.ca\/fr\/wp-json\/wp\/v2\/media?parent=2410"}],"curies":[{"name":"wp","href":"https:\/\/api.w.org\/{rel}","templated":true}]}}